{"id":439,"date":"2026-04-24T21:44:17","date_gmt":"2026-04-24T19:44:17","guid":{"rendered":"https:\/\/return-insights.com\/?page_id=439"},"modified":"2026-04-24T21:44:17","modified_gmt":"2026-04-24T19:44:17","slug":"ueber-ri","status":"publish","type":"page","link":"https:\/\/return-insights.com\/?page_id=439","title":{"rendered":"\u00dcber RI"},"content":{"rendered":"\n<p>RI bietet datengetriebenes Research und den regelbasierten RI-Index. Wir arbeiten evidenzbasiert, transparent und unabh\u00e4ngig \u2013 mit Fokus auf langfristigen Investmentprinzipien und \u00f6konomischen Zusammenh\u00e4ngen. Ziel ist es, komplexe Marktentwicklungen datenbasiert zu messen, zu erkl\u00e4ren und Investoren eine objektive Informationsgrundlage zu bieten.<\/p>\n\n\n\n<p>Im Rahmen der Arbeit werden historische Kursdaten der gr\u00f6\u00dften b\u00f6rsennotierten Unternehmen in verschiedenen Sektoren analysiert. Dabei kommen statistische und \u00f6konometrische Verfahren zum Einsatz, die eine methodisch transparente, reproduzierbare und wissenschaftlich fundierte Auswertung gew\u00e4hrleisten.<\/p>\n\n\n\n<p>RI richtet sich mit ihren Beitr\u00e4gen an unterschiedliche Gruppen von Interessenten \u2013 von Privatanlegern \u00fcber verm\u00f6gende Privatkunden bis hin zu institutionellen Marktteilnehmern. Der Fokus liegt dabei ausschlie\u00dflich auf der Bereitstellung analytischer Informationen.<\/p>\n\n\n\n<p>Mit dieser T\u00e4tigkeit verbindet RI wissenschaftlich fundierte Methoden der quantitativen Finanzanalyse mit einem hohen Qualit\u00e4tsanspruch in Datenaufbereitung, Visualisierung und Interpretation. So entsteht ein professionelles Informationsangebot, das datenbasierte Entscheidungsprozesse im Finanzbereich wirkungsvoll unterst\u00fctzt.<\/p>\n","protected":false},"excerpt":{"rendered":"<p>RI bietet datengetriebenes Research und den regelbasierten RI-Index. Wir arbeiten evidenzbasiert, transparent und unabh\u00e4ngig \u2013 mit Fokus auf langfristigen Investmentprinzipien [&hellip;]<\/p>\n","protected":false},"author":1,"featured_media":0,"parent":0,"menu_order":0,"comment_status":"closed","ping_status":"closed","template":"","meta":{"site-sidebar-layout":"default","site-content-layout":"","ast-site-content-layout":"default","site-content-style":"default","site-sidebar-style":"default","ast-global-header-display":"","ast-banner-title-visibility":"","ast-main-header-display":"","ast-hfb-above-header-display":"","ast-hfb-below-header-display":"","ast-hfb-mobile-header-display":"","site-post-title":"","ast-breadcrumbs-content":"","ast-featured-img":"","footer-sml-layout":"","ast-disable-related-posts":"","theme-transparent-header-meta":"","adv-header-id-meta":"","stick-header-meta":"","header-above-stick-meta":"","header-main-stick-meta":"","header-below-stick-meta":"","astra-migrate-meta-layouts":"default","ast-page-background-enabled":"default","ast-page-background-meta":{"desktop":{"background-color":"var(--ast-global-color-5)","background-image":"","background-repeat":"repeat","background-position":"center center","background-size":"auto","background-attachment":"scroll","background-type":"","background-media":"","overlay-type":"","overlay-color":"","overlay-opacity":"","overlay-gradient":""},"tablet":{"background-color":"","background-image":"","background-repeat":"repeat","background-position":"center center","background-size":"auto","background-attachment":"scroll","background-type":"","background-media":"","overlay-type":"","overlay-color":"","overlay-opacity":"","overlay-gradient":""},"mobile":{"background-color":"","background-image":"","background-repeat":"repeat","background-position":"center center","background-size":"auto","background-attachment":"scroll","background-type":"","background-media":"","overlay-type":"","overlay-color":"","overlay-opacity":"","overlay-gradient":""}},"ast-content-background-meta":{"desktop":{"background-color":"var(--ast-global-color-4)","background-image":"","background-repeat":"repeat","background-position":"center center","background-size":"auto","background-attachment":"scroll","background-type":"","background-media":"","overlay-type":"","overlay-color":"","overlay-opacity":"","overlay-gradient":""},"tablet":{"background-color":"var(--ast-global-color-4)","background-image":"","background-repeat":"repeat","background-position":"center center","background-size":"auto","background-attachment":"scroll","background-type":"","background-media":"","overlay-type":"","overlay-color":"","overlay-opacity":"","overlay-gradient":""},"mobile":{"background-color":"var(--ast-global-color-4)","background-image":"","background-repeat":"repeat","background-position":"center center","background-size":"auto","background-attachment":"scroll","background-type":"","background-media":"","overlay-type":"","overlay-color":"","overlay-opacity":"","overlay-gradient":""}},"footnotes":""},"class_list":["post-439","page","type-page","status-publish","hentry"],"_links":{"self":[{"href":"https:\/\/return-insights.com\/index.php?rest_route=\/wp\/v2\/pages\/439","targetHints":{"allow":["GET"]}}],"collection":[{"href":"https:\/\/return-insights.com\/index.php?rest_route=\/wp\/v2\/pages"}],"about":[{"href":"https:\/\/return-insights.com\/index.php?rest_route=\/wp\/v2\/types\/page"}],"author":[{"embeddable":true,"href":"https:\/\/return-insights.com\/index.php?rest_route=\/wp\/v2\/users\/1"}],"replies":[{"embeddable":true,"href":"https:\/\/return-insights.com\/index.php?rest_route=%2Fwp%2Fv2%2Fcomments&post=439"}],"version-history":[{"count":1,"href":"https:\/\/return-insights.com\/index.php?rest_route=\/wp\/v2\/pages\/439\/revisions"}],"predecessor-version":[{"id":440,"href":"https:\/\/return-insights.com\/index.php?rest_route=\/wp\/v2\/pages\/439\/revisions\/440"}],"wp:attachment":[{"href":"https:\/\/return-insights.com\/index.php?rest_route=%2Fwp%2Fv2%2Fmedia&parent=439"}],"curies":[{"name":"wp","href":"https:\/\/api.w.org\/{rel}","templated":true}]}}